{"id":4542,"date":"2022-06-02T15:40:12","date_gmt":"2022-06-02T22:40:12","guid":{"rendered":"https:\/\/martinlabsemg.com\/about-us\/disclaimer-cookies-copy\/"},"modified":"2022-06-05T16:41:01","modified_gmt":"2022-06-05T23:41:01","slug":"haftungsausschluss-cookies","status":"publish","type":"page","link":"https:\/\/martinlabsemg.com\/de\/uber-uns\/haftungsausschluss-cookies\/","title":{"rendered":"Haftungsausschluss &#038; Cookies"},"content":{"rendered":"<section  class='av_textblock_section av-l3xm6taz-5f352f048658997b53a34462ef75b605'  itemscope=\"itemscope\" itemtype=\"https:\/\/schema.org\/CreativeWork\" ><div class='avia_textblock'  itemprop=\"text\" ><h1><strong>Haftungsausschluss &#038; Cookies<\/strong><\/h1>\n<h4>Rechtliche Hinweise<\/h4>\n<p>Nutzungsbedingungen der Martin Laboratories EMG-Website.<\/p>\n<p>Alle Angaben auf dieser Website dienen lediglich der Information.<\/p>\n<p>Martin Laboratories EMG Limited hat angemessene Anstrengungen unternommen, um sicherzustellen, dass die auf dieser Website im Internet bereitgestellten Informationen zum Zeitpunkt der Aufnahme korrekt sind. Es k\u00f6nnen jedoch unbeabsichtigte und gelegentliche Fehler auftreten, f\u00fcr die sich Martin Laboratories EMG Limited entschuldigt.<\/p>\n<p>Martin Laboratories EMG Limited gibt keinerlei Zusicherungen oder Gew\u00e4hrleistungen hinsichtlich der Informationen ab, die auf seiner Website oder \u00fcber Hypertext-Links oder andere Elemente bereitgestellt werden, die direkt oder indirekt von der Website von Martin Laboratories EMG Limited verwendet werden, und beh\u00e4lt sich das Recht vor, jederzeit \u00c4nderungen und Korrekturen vorzunehmen, ohne vorherige Ank\u00fcndigung. Durch den Zugriff auf diese Website erkl\u00e4ren Sie sich damit einverstanden, dass Martin Laboratories EMG Limited nicht f\u00fcr Ungenauigkeiten oder Auslassungen oder direkte, spezielle, indirekte oder Folgesch\u00e4den, Verluste oder andere Sch\u00e4den jeglicher Art haftbar gemacht wird, die sich aus welchen Gr\u00fcnden auch immer ergeben. Die Verwendung von Informationen, die direkt oder indirekt von, -oder \u00fcber die Website von Martin Laboratories EMG Limited erlangt werden, und alle Entscheidungen, die auf diesen Informationen basieren, liegen in der alleinigen Verantwortung des Besuchers.<\/p>\n<p>Keine der auf der Website von Martin Laboratories EMG Limited enthaltenen Informationen stellen eine Aufforderung oder einen Anreiz dar, in die Aktien oder andere Wertpapiere von Martin Laboratories EMG Limited, eines anderen Mitglieds der Martin Laboratories EMG Limited oder eines anderen Teilnehmers zu investieren oder anderweitig damit zu handeln, oder um sich an einer Anlaget\u00e4tigkeit zu beteiligen, und darf nicht im Zusammenhang mit einer Anlageentscheidung herangezogen werden.<\/p>\n<p>Die oben genannten Ausschl\u00fcsse und Beschr\u00e4nkungen gelten nur im gesetzlich zul\u00e4ssigen Umfang.<\/p>\n<h4>Erkl\u00e4rung der Direktoren<\/h4>\n<p>Unsere Erkl\u00e4rung der Direktoren in Bezug auf Finanzinformationen wurde auf der Website von Martin Laboratories EMG Limited ver\u00f6ffentlicht. Die Pflege und Integrit\u00e4t der Website von Martin Laboratories EMG Limited liegt in der Verantwortung der Direktoren; Die von den Wirtschaftspr\u00fcfern durchgef\u00fchrten Arbeiten beinhalten keine Ber\u00fccksichtigung dieser Angelegenheiten, und dementsprechend \u00fcbernehmen die Wirtschaftspr\u00fcfer keine Verantwortung f\u00fcr \u00c4nderungen, die m\u00f6glicherweise am Jahresabschluss (einschlie\u00dflich der Halbjahresergebnisse) seit seiner erstmaligen Pr\u00e4sentation auf der Website aufgetreten sind. Die Gesetzgebung in British Columbia, Kanada, die die Erstellung und Verbreitung von Finanzabschl\u00fcssen regelt, kann von der Gesetzgebung in anderen Rechtsordnungen abweichen.<\/p>\n<p>W\u00e4hrung Alle $-Werte beziehen sich auf CN-Dollar, sofern nicht anders angegeben.<\/p>\n<h4>Links von Drittanbietern<\/h4>\n<p>Martin Laboratories EMG Limited kann von Zeit zu Zeit Links zu unabh\u00e4ngigen Websites im Internet bereitstellen, die verschiedene Informationsinhalte in Bezug auf das Unternehmen, seine Tochtergesellschaften oder seine Branche enthalten. Martin Laboratories EMG Limited trifft keine Beurteilung oder Gew\u00e4hrleistung in Bezug auf die Genauigkeit, Aktualit\u00e4t oder Eignung des Inhalts anderer Dienste oder Websites, auf die diese Bildschirme verlinken. Ein Link zu einem Dienst oder einer Website au\u00dferhalb der originalen Website, auf der Sie sich gerade befinden, ist keine Billigung des Dienstes oder der Website, ihres Inhalts oder ihrer Sponsororganisation. Es versteht sich ferner, dass die auf dieser Website bereitgestellten Materialien nur zu Informationszwecken dienen und alle hierin enthaltenen Verweise auf unsere spezifischen \u00f6ffentlich gehandelten Wertpapiere keine Empfehlungen zum Kauf oder Verkauf von Aktien darstellen. Jede Investition, die Sie t\u00e4tigen, basiert ausschlie\u00dflich auf Ihrer eigenen Einsch\u00e4tzung Ihrer finanziellen Verh\u00e4ltnisse und Anlageziele.<\/p>\n<h4>Datenschutz-Bestimmungen<\/h4>\n<p>Alle Informationen, die Sie \u00fcber diese Website bereitgestellt haben, werden nur von Martin Laboratories EMG Limited verwendet, um Ihre aktuelle Anfrage zu beantworten oder f\u00fcr eine regul\u00e4re Mailingliste, f\u00fcr die Sie Ihre Daten \u00fcbermittelt haben. Die Informationen werden zu keinem anderen Zweck an Dritte au\u00dferhalb von Martin Laboratories EMG Limited weitergegeben. Wo es zur Beantwortung Ihrer Anfrage erforderlich ist, k\u00f6nnen die von Ihnen bereitgestellten Informationen an alle Niederlassungen von Martin Laboratories EMG Limited weltweit weitergegeben werden. Indem Sie diese Informationen an uns senden, stimmen Sie zu, dass die darin enthaltenen personenbezogenen Daten innerhalb der Martin Laboratories EMG Limited oder ihrer Tochtergesellschaften weltweit \u00fcbertragen und von der Martin Laboratories EMG Limited f\u00fcr diese Zwecke verarbeitet werden.<\/p>\n<\/div><\/section>\n","protected":false},"excerpt":{"rendered":"","protected":false},"author":1,"featured_media":0,"parent":4516,"menu_order":0,"comment_status":"closed","ping_status":"closed","template":"","meta":[],"yoast_head":"<!-- This site is optimized with the Yoast SEO plugin v19.11 - https:\/\/yoast.com\/wordpress\/plugins\/seo\/ -->\n<title>Haftungsausschluss &amp; Cookies - Martin Laboratories EMG<\/title>\n<meta name=\"robots\" content=\"index, follow, max-snippet:-1, max-image-preview:large, max-video-preview:-1\" \/>\n<link rel=\"canonical\" href=\"https:\/\/martinlabsemg.com\/de\/uber-uns\/haftungsausschluss-cookies\/\" \/>\n<meta property=\"og:locale\" content=\"de_DE\" \/>\n<meta property=\"og:type\" content=\"article\" \/>\n<meta property=\"og:title\" content=\"Haftungsausschluss &amp; Cookies - Martin Laboratories EMG\" \/>\n<meta property=\"og:url\" content=\"https:\/\/martinlabsemg.com\/de\/uber-uns\/haftungsausschluss-cookies\/\" \/>\n<meta property=\"og:site_name\" content=\"Martin Laboratories EMG\" \/>\n<meta property=\"article:modified_time\" content=\"2022-06-05T23:41:01+00:00\" \/>\n<meta name=\"twitter:card\" content=\"summary_large_image\" \/>\n<meta name=\"twitter:label1\" content=\"Gesch\u00e4tzte Lesezeit\" \/>\n\t<meta name=\"twitter:data1\" content=\"3 Minuten\" \/>\n<script type=\"application\/ld+json\" class=\"yoast-schema-graph\">{\"@context\":\"https:\/\/schema.org\",\"@graph\":[{\"@type\":\"WebPage\",\"@id\":\"https:\/\/martinlabsemg.com\/de\/uber-uns\/haftungsausschluss-cookies\/\",\"url\":\"https:\/\/martinlabsemg.com\/de\/uber-uns\/haftungsausschluss-cookies\/\",\"name\":\"Haftungsausschluss & Cookies - Martin Laboratories EMG\",\"isPartOf\":{\"@id\":\"https:\/\/martinlabsemg.com\/de\/#website\"},\"datePublished\":\"2022-06-02T22:40:12+00:00\",\"dateModified\":\"2022-06-05T23:41:01+00:00\",\"breadcrumb\":{\"@id\":\"https:\/\/martinlabsemg.com\/de\/uber-uns\/haftungsausschluss-cookies\/#breadcrumb\"},\"inLanguage\":\"de-DE\",\"potentialAction\":[{\"@type\":\"ReadAction\",\"target\":[\"https:\/\/martinlabsemg.com\/de\/uber-uns\/haftungsausschluss-cookies\/\"]}]},{\"@type\":\"BreadcrumbList\",\"@id\":\"https:\/\/martinlabsemg.com\/de\/uber-uns\/haftungsausschluss-cookies\/#breadcrumb\",\"itemListElement\":[{\"@type\":\"ListItem\",\"position\":1,\"name\":\"Home\",\"item\":\"https:\/\/martinlabsemg.com\/de\/\"},{\"@type\":\"ListItem\",\"position\":2,\"name\":\"\u00dcber uns\",\"item\":\"https:\/\/martinlabsemg.com\/de\/uber-uns\/\"},{\"@type\":\"ListItem\",\"position\":3,\"name\":\"Haftungsausschluss &#038; Cookies\"}]},{\"@type\":\"WebSite\",\"@id\":\"https:\/\/martinlabsemg.com\/de\/#website\",\"url\":\"https:\/\/martinlabsemg.com\/de\/\",\"name\":\"Martin Energy Metals Group\",\"description\":\"Sourcing EV Metals Worldwide\",\"potentialAction\":[{\"@type\":\"SearchAction\",\"target\":{\"@type\":\"EntryPoint\",\"urlTemplate\":\"https:\/\/martinlabsemg.com\/de\/?s={search_term_string}\"},\"query-input\":\"required name=search_term_string\"}],\"inLanguage\":\"de-DE\"}]}<\/script>\n<!-- \/ Yoast SEO plugin. -->","yoast_head_json":{"title":"Haftungsausschluss & Cookies - Martin Laboratories EMG","robots":{"index":"index","follow":"follow","max-snippet":"max-snippet:-1","max-image-preview":"max-image-preview:large","max-video-preview":"max-video-preview:-1"},"canonical":"https:\/\/martinlabsemg.com\/de\/uber-uns\/haftungsausschluss-cookies\/","og_locale":"de_DE","og_type":"article","og_title":"Haftungsausschluss & Cookies - Martin Laboratories EMG","og_url":"https:\/\/martinlabsemg.com\/de\/uber-uns\/haftungsausschluss-cookies\/","og_site_name":"Martin Laboratories EMG","article_modified_time":"2022-06-05T23:41:01+00:00","twitter_card":"summary_large_image","twitter_misc":{"Gesch\u00e4tzte Lesezeit":"3 Minuten"},"schema":{"@context":"https:\/\/schema.org","@graph":[{"@type":"WebPage","@id":"https:\/\/martinlabsemg.com\/de\/uber-uns\/haftungsausschluss-cookies\/","url":"https:\/\/martinlabsemg.com\/de\/uber-uns\/haftungsausschluss-cookies\/","name":"Haftungsausschluss & Cookies - Martin Laboratories EMG","isPartOf":{"@id":"https:\/\/martinlabsemg.com\/de\/#website"},"datePublished":"2022-06-02T22:40:12+00:00","dateModified":"2022-06-05T23:41:01+00:00","breadcrumb":{"@id":"https:\/\/martinlabsemg.com\/de\/uber-uns\/haftungsausschluss-cookies\/#breadcrumb"},"inLanguage":"de-DE","potentialAction":[{"@type":"ReadAction","target":["https:\/\/martinlabsemg.com\/de\/uber-uns\/haftungsausschluss-cookies\/"]}]},{"@type":"BreadcrumbList","@id":"https:\/\/martinlabsemg.com\/de\/uber-uns\/haftungsausschluss-cookies\/#breadcrumb","itemListElement":[{"@type":"ListItem","position":1,"name":"Home","item":"https:\/\/martinlabsemg.com\/de\/"},{"@type":"ListItem","position":2,"name":"\u00dcber uns","item":"https:\/\/martinlabsemg.com\/de\/uber-uns\/"},{"@type":"ListItem","position":3,"name":"Haftungsausschluss &#038; Cookies"}]},{"@type":"WebSite","@id":"https:\/\/martinlabsemg.com\/de\/#website","url":"https:\/\/martinlabsemg.com\/de\/","name":"Martin Energy Metals Group","description":"Sourcing EV Metals Worldwide","potentialAction":[{"@type":"SearchAction","target":{"@type":"EntryPoint","urlTemplate":"https:\/\/martinlabsemg.com\/de\/?s={search_term_string}"},"query-input":"required name=search_term_string"}],"inLanguage":"de-DE"}]}},"_links":{"self":[{"href":"https:\/\/martinlabsemg.com\/de\/wp-json\/wp\/v2\/pages\/4542"}],"collection":[{"href":"https:\/\/martinlabsemg.com\/de\/wp-json\/wp\/v2\/pages"}],"about":[{"href":"https:\/\/martinlabsemg.com\/de\/wp-json\/wp\/v2\/types\/page"}],"author":[{"embeddable":true,"href":"https:\/\/martinlabsemg.com\/de\/wp-json\/wp\/v2\/users\/1"}],"replies":[{"embeddable":true,"href":"https:\/\/martinlabsemg.com\/de\/wp-json\/wp\/v2\/comments?post=4542"}],"version-history":[{"count":2,"href":"https:\/\/martinlabsemg.com\/de\/wp-json\/wp\/v2\/pages\/4542\/revisions"}],"predecessor-version":[{"id":4572,"href":"https:\/\/martinlabsemg.com\/de\/wp-json\/wp\/v2\/pages\/4542\/revisions\/4572"}],"up":[{"embeddable":true,"href":"https:\/\/martinlabsemg.com\/de\/wp-json\/wp\/v2\/pages\/4516"}],"wp:attachment":[{"href":"https:\/\/martinlabsemg.com\/de\/wp-json\/wp\/v2\/media?parent=4542"}],"curies":[{"name":"wp","href":"https:\/\/api.w.org\/{rel}","templated":true}]}}