{"id":4547,"date":"2022-06-02T16:14:54","date_gmt":"2022-06-02T23:14:54","guid":{"rendered":"https:\/\/martinlabsemg.com\/investors-copy\/"},"modified":"2022-06-05T16:30:21","modified_gmt":"2022-06-05T23:30:21","slug":"investoren","status":"publish","type":"page","link":"https:\/\/martinlabsemg.com\/de\/investoren\/","title":{"rendered":"Investoren"},"content":{"rendered":"\n<style type=\"text\/css\" data-created_by=\"avia_inline_auto\" id=\"style-css-av-10dg4g-b4c08b1d61cac49b8a56479627994e58\">\n.avia-section.av-10dg4g-b4c08b1d61cac49b8a56479627994e58{\nbackground-repeat:no-repeat;\nbackground-image:url(https:\/\/martinlabsemg.com\/wp-content\/uploads\/2021\/09\/investor-header.jpg);\nbackground-position:50% 50%;\nbackground-attachment:fixed;\n}\n.avia-section.av-10dg4g-b4c08b1d61cac49b8a56479627994e58 .av-section-color-overlay{\nopacity:0.4;\nbackground-color:#000000;\n}\n<\/style>\n<div id='av_section_1'  class='avia-section av-10dg4g-b4c08b1d61cac49b8a56479627994e58 main_color avia-section-huge avia-no-shadow  avia-builder-el-0  el_before_av_submenu  avia-builder-el-first  avia-full-stretch avia-bg-style-fixed av-section-color-overlay-active container_wrap sidebar_right'  data-section-bg-repeat='stretch'><div class=\"av-section-color-overlay-wrap\"><div class=\"av-section-color-overlay\"><\/div><div class='container av-section-cont-open' ><main  role=\"main\" itemprop=\"mainContentOfPage\"  class='template-page content  av-content-small alpha units'><div class='post-entry post-entry-type-page post-entry-4547'><div class='entry-content-wrapper clearfix'>\n\n<style type=\"text\/css\" data-created_by=\"avia_inline_auto\" id=\"style-css-av-xey0o-9de8034b89f3adf753e4fd3aa13d6c04\">\n#top .av-special-heading.av-xey0o-9de8034b89f3adf753e4fd3aa13d6c04{\npadding-bottom:0px;\ncolor:#ffffff;\nfont-size:40px;\n}\nbody .av-special-heading.av-xey0o-9de8034b89f3adf753e4fd3aa13d6c04 .av-special-heading-tag .heading-char{\nfont-size:25px;\n}\n#top #wrap_all .av-special-heading.av-xey0o-9de8034b89f3adf753e4fd3aa13d6c04 .av-special-heading-tag{\nfont-size:40px;\n}\n.av-special-heading.av-xey0o-9de8034b89f3adf753e4fd3aa13d6c04 .special-heading-inner-border{\nborder-color:#ffffff;\n}\n.av-special-heading.av-xey0o-9de8034b89f3adf753e4fd3aa13d6c04 .av-subheading{\nfont-size:15px;\n}\n<\/style>\n<div  class='av-special-heading av-xey0o-9de8034b89f3adf753e4fd3aa13d6c04 av-special-heading-h1 custom-color-heading blockquote modern-quote modern-centered  avia-builder-el-1  el_before_av_hr  avia-builder-el-first  av-inherit-size'><h1 class='av-special-heading-tag'  itemprop=\"headline\"  >Investoren<\/h1><div class=\"special-heading-border\"><div class=\"special-heading-inner-border\"><\/div><\/div><\/div>\n\n<style type=\"text\/css\" data-created_by=\"avia_inline_auto\" id=\"style-css-av-saq2o-d654197d74824239c1f31746124ccf3b\">\n#top .hr.av-saq2o-d654197d74824239c1f31746124ccf3b{\nmargin-top:30px;\nmargin-bottom:30px;\n}\n.hr.av-saq2o-d654197d74824239c1f31746124ccf3b .hr-inner{\nwidth:50px;\nborder-color:#ffffff;\n}\n<\/style>\n<div  class='hr av-saq2o-d654197d74824239c1f31746124ccf3b hr-custom  avia-builder-el-2  el_after_av_heading  el_before_av_one_fifth  hr-center hr-icon-no'><span class='hr-inner inner-border-av-border-fat'><span class=\"hr-inner-style\"><\/span><\/span><\/div>\n\n<style type=\"text\/css\" data-created_by=\"avia_inline_auto\" id=\"style-css-av-65j95r-c0f7aac8087e74f2c3c431f700aadfe7\">\n.flex_column.av-65j95r-c0f7aac8087e74f2c3c431f700aadfe7{\nborder-radius:0px 0px 0px 0px;\n-webkit-border-radius:0px 0px 0px 0px;\n-moz-border-radius:0px 0px 0px 0px;\n}\n<\/style>\n<div class='flex_column av-65j95r-c0f7aac8087e74f2c3c431f700aadfe7 av_one_fifth  avia-builder-el-3  el_after_av_hr  el_before_av_three_fifth  first flex_column_div av-zero-column-padding '   ><\/div>\n<style type=\"text\/css\" data-created_by=\"avia_inline_auto\" id=\"style-css-av-4jfk8f-b86c83152d59d6f705ca2c5b834f971f\">\n.flex_column.av-4jfk8f-b86c83152d59d6f705ca2c5b834f971f{\nborder-radius:0px 0px 0px 0px;\n-webkit-border-radius:0px 0px 0px 0px;\n-moz-border-radius:0px 0px 0px 0px;\n}\n<\/style>\n<div class='flex_column av-4jfk8f-b86c83152d59d6f705ca2c5b834f971f av_three_fifth  avia-builder-el-4  el_after_av_one_fifth  el_before_av_one_fifth  flex_column_div av-zero-column-padding '   ><style type=\"text\/css\" data-created_by=\"avia_inline_auto\" id=\"style-css-av-kb2d4-90041bc74a5cf04b95caa131995a0980\">\n#top .av_textblock_section.av-kb2d4-90041bc74a5cf04b95caa131995a0980 .avia_textblock{\nfont-size:18px;\ncolor:#dddddd;\n}\n<\/style>\n<section  class='av_textblock_section av-kb2d4-90041bc74a5cf04b95caa131995a0980'  itemscope=\"itemscope\" itemtype=\"https:\/\/schema.org\/CreativeWork\" ><div class='avia_textblock av_inherit_color'  itemprop=\"text\" ><p style=\"text-align: center;\">Mit Blick auf unsere Investoren haben \u2018Martin Laboratories EMG\u2019 methodisch die technologisch fortschrittlichsten und ethisch positivsten Bereiche f\u00fcr nachhaltige Energie weltweit ausfindig gemacht, wobei der Schwerpunkt auf Infrastruktur und \u201eMine-to-Market\u201c-Zweckm\u00e4\u00dfigkeit lag.<\/p>\n<\/div><\/section><\/div>\n<style type=\"text\/css\" data-created_by=\"avia_inline_auto\" id=\"style-css-av-2zw8xb-f7d3a18428ded39738c8370421ba1625\">\n.flex_column.av-2zw8xb-f7d3a18428ded39738c8370421ba1625{\nborder-radius:0px 0px 0px 0px;\n-webkit-border-radius:0px 0px 0px 0px;\n-moz-border-radius:0px 0px 0px 0px;\n}\n<\/style>\n<div class='flex_column av-2zw8xb-f7d3a18428ded39738c8370421ba1625 av_one_fifth  avia-builder-el-6  el_after_av_three_fifth  avia-builder-el-last  flex_column_div av-zero-column-padding '   ><\/div><\/div><\/div><\/main><!-- close content main element --><\/div><\/div><\/div><div class='clear'><\/div><div id='sub_menu1'  class='av-submenu-container av-kszpaicj-e7a5e615adf0145558355e929258c95d socket_color  avia-builder-el-7  el_after_av_section  el_before_av_one_half  av-sticky-submenu submenu-not-first container_wrap sidebar_right' style='z-index:301' ><div class='container av-menu-mobile-disabled av-submenu-pos-center'><ul id='av-custom-submenu-1' class='av-subnav-menu'>\n<li class='menu-item av-kszp8qbz-1c03490890052e89a17581fcf0da08b8 menu-item-top-level menu-item-top-level-1'><a href='#presentation' ><span class='avia-bullet'><\/span><span class='avia-menu-text'>Investorenpr\u00e4sentationen<\/span><\/a><\/li>\n<li class='menu-item av-kszp8xxg-d45f909445773737dc40a7111b2c09e1 menu-item-top-level menu-item-top-level-2'><a href='#stock-quote' ><span class='avia-bullet'><\/span><span class='avia-menu-text'>Aktienkurs<\/span><\/a><\/li>\n<\/ul><\/div><\/div><div class='sticky_placeholder'><\/div><div id='after_submenu_1'  class='main_color av_default_container_wrap container_wrap sidebar_right'  ><div class='container av-section-cont-open' ><div class='template-page content  av-content-small alpha units'><div class='post-entry post-entry-type-page post-entry-4547'><div class='entry-content-wrapper clearfix'><\/p>\n\n<style type=\"text\/css\" data-created_by=\"avia_inline_auto\" id=\"style-css-av-8429hb-1f533cd1180e63edb991777139a30f51\">\n.flex_column.av-8429hb-1f533cd1180e63edb991777139a30f51{\nborder-radius:0px 0px 0px 0px;\n-webkit-border-radius:0px 0px 0px 0px;\n-moz-border-radius:0px 0px 0px 0px;\n}\n<\/style>\n<div class='flex_column av-8429hb-1f533cd1180e63edb991777139a30f51 av_one_half  avia-builder-el-8  el_after_av_submenu  el_before_av_one_half  avia-builder-el-first  first flex_column_div av-zero-column-padding '   id=\"presentation\"  ><p>\n<style type=\"text\/css\" data-created_by=\"avia_inline_auto\" id=\"style-css-av-kszom1yb-c2987c665f60b62faad2a140b405a157\">\n#top .av-special-heading.av-kszom1yb-c2987c665f60b62faad2a140b405a157{\npadding-bottom:10px;\n}\nbody .av-special-heading.av-kszom1yb-c2987c665f60b62faad2a140b405a157 .av-special-heading-tag .heading-char{\nfont-size:25px;\n}\n.av-special-heading.av-kszom1yb-c2987c665f60b62faad2a140b405a157 .av-subheading{\nfont-size:15px;\n}\n<\/style>\n<div  class='av-special-heading av-kszom1yb-c2987c665f60b62faad2a140b405a157 av-special-heading-h2 blockquote modern-quote  avia-builder-el-9  el_before_av_hr  avia-builder-el-first '><h2 class='av-special-heading-tag'  itemprop=\"headline\"  >Investorenpr\u00e4sentationen<\/h2><div class=\"special-heading-border\"><div class=\"special-heading-inner-border\"><\/div><\/div><\/div><br \/>\n\n<style type=\"text\/css\" data-created_by=\"avia_inline_auto\" id=\"style-css-av-l145i6sg-32e0f737691795c02d5d142e7c18efa7\">\n#top .hr.hr-invisible.av-l145i6sg-32e0f737691795c02d5d142e7c18efa7{\nheight:20px;\n}\n<\/style>\n<div  class='hr av-l145i6sg-32e0f737691795c02d5d142e7c18efa7 hr-invisible  avia-builder-el-10  el_after_av_heading  el_before_av_textblock '><span class='hr-inner '><span class=\"hr-inner-style\"><\/span><\/span><\/div><br \/>\n<section  class='av_textblock_section av-ksqpghwj-72538d2593fb62644d023d7f2dd2e873'  itemscope=\"itemscope\" itemtype=\"https:\/\/schema.org\/CreativeWork\" ><div class='avia_textblock'  itemprop=\"text\" ><h4>Martin Laboratories EMG Investor Slide Decks<\/h4>\n<p>Die Platinmetalle, die wir beziehen, sollen die laufende Revolution der sauberen Energie vorantreiben. Im Gro\u00dfen und Ganzen ist die Umstellung auf Elektrofahrzeuge ein unglaublich neues Ph\u00e4nomen, und die Infrastruktur zur Unterst\u00fctzung dieses \u00dcbergangs hat gerade erst begonnen, sich aufzubauen.<\/p>\n<p><span style=\"font-weight: 400;\">Sehen Sie sich unsere beiden Investorenpr\u00e4sentationen an, um mehr \u00fcber das Investitionspotenzial des Unternehmens und unsere Pl\u00e4ne f\u00fcr die Zukunft zu erfahren.\u00a0<\/span><\/p>\n<ol>\n<li><a href=\"https:\/\/martinlabsemg.com\/wp-content\/uploads\/2022\/01\/Martin_Laboratories_Bonavista-Peninsula-Copper-Silver-Project-January-2022.pdf\"><strong><span style=\"text-decoration: underline;\">The Bonavista Peninsula Copper-Silver Project<\/span><\/strong><\/a><br \/>\nBefindet sich in Neufundland und Labrador, Atlantik Kanada<\/li>\n<li><a href=\"https:\/\/martinlabsemg.com\/wp-content\/uploads\/2021\/08\/Martin_Laboratories_Presentation.pdf\"><strong>Th<span style=\"text-decoration: underline;\">e Nickel Line, Southern Norway Nickel<\/span><\/strong><\/a><br \/>\nBefindet sich in Norwegen und Schweden<\/li>\n<\/ol>\n<\/div><\/section><\/p><\/div>\n<style type=\"text\/css\" data-created_by=\"avia_inline_auto\" id=\"style-css-av-5n9167-1df6b81c61c553463d511e3505454cb7\">\n.flex_column.av-5n9167-1df6b81c61c553463d511e3505454cb7{\nborder-radius:0px 0px 0px 0px;\n-webkit-border-radius:0px 0px 0px 0px;\n-moz-border-radius:0px 0px 0px 0px;\n}\n<\/style>\n<div class='flex_column av-5n9167-1df6b81c61c553463d511e3505454cb7 av_one_half  avia-builder-el-12  el_after_av_one_half  el_before_av_one_half  flex_column_div av-zero-column-padding '   ><section  class='av_textblock_section av-kszoizi9-19715be95d87696e98fac7b63b746afb'  itemscope=\"itemscope\" itemtype=\"https:\/\/schema.org\/CreativeWork\" ><div class='avia_textblock'  itemprop=\"text\" ><p><a href=\"https:\/\/martinlabsemg.com\/wp-content\/uploads\/2022\/01\/Martin_Laboratories_Bonavista-Peninsula-Copper-Silver-Project-January-2022.pdf\"><img loading=\"lazy\" class=\"aligncenter wp-image-4216\" src=\"https:\/\/martinlabsemg.com\/wp-content\/uploads\/2022\/01\/Martin_Laboratories_Bonavista-Peninsula-Copper-Silver-Project-January-2022.jpg\" alt=\"\" width=\"550\" height=\"309\" srcset=\"https:\/\/martinlabsemg.com\/wp-content\/uploads\/2022\/01\/Martin_Laboratories_Bonavista-Peninsula-Copper-Silver-Project-January-2022.jpg 960w, https:\/\/martinlabsemg.com\/wp-content\/uploads\/2022\/01\/Martin_Laboratories_Bonavista-Peninsula-Copper-Silver-Project-January-2022-300x169.jpg 300w, https:\/\/martinlabsemg.com\/wp-content\/uploads\/2022\/01\/Martin_Laboratories_Bonavista-Peninsula-Copper-Silver-Project-January-2022-768x432.jpg 768w, https:\/\/martinlabsemg.com\/wp-content\/uploads\/2022\/01\/Martin_Laboratories_Bonavista-Peninsula-Copper-Silver-Project-January-2022-705x397.jpg 705w\" sizes=\"(max-width: 550px) 100vw, 550px\" \/><\/a><a href=\"https:\/\/martinlabsemg.com\/wp-content\/uploads\/2021\/08\/Martin_Laboratories_Presentation.pdf\"><img loading=\"lazy\" class=\"aligncenter wp-image-4152\" src=\"https:\/\/martinlabsemg.com\/wp-content\/uploads\/2021\/10\/Martin_Laboratories_Presentation.jpg\" alt=\"\" width=\"550\" height=\"309\" srcset=\"https:\/\/martinlabsemg.com\/wp-content\/uploads\/2021\/10\/Martin_Laboratories_Presentation.jpg 960w, https:\/\/martinlabsemg.com\/wp-content\/uploads\/2021\/10\/Martin_Laboratories_Presentation-300x169.jpg 300w, https:\/\/martinlabsemg.com\/wp-content\/uploads\/2021\/10\/Martin_Laboratories_Presentation-768x432.jpg 768w, https:\/\/martinlabsemg.com\/wp-content\/uploads\/2021\/10\/Martin_Laboratories_Presentation-705x397.jpg 705w\" sizes=\"(max-width: 550px) 100vw, 550px\" \/><\/a><\/p>\n<\/div><\/section><\/div><\/p>\n\n<style type=\"text\/css\" data-created_by=\"avia_inline_auto\" id=\"style-css-av-3vt2y7-0b85e989dcde497bf0b2823de051cd0d\">\n.flex_column.av-3vt2y7-0b85e989dcde497bf0b2823de051cd0d{\nborder-radius:0px 0px 0px 0px;\n-webkit-border-radius:0px 0px 0px 0px;\n-moz-border-radius:0px 0px 0px 0px;\n}\n<\/style>\n<div class='flex_column av-3vt2y7-0b85e989dcde497bf0b2823de051cd0d av_one_half  avia-builder-el-14  el_after_av_one_half  el_before_av_one_half  first flex_column_div av-zero-column-padding column-top-margin'   id=\"stock-quote\"  ><p>\n<style type=\"text\/css\" data-created_by=\"avia_inline_auto\" id=\"style-css-av-l14i9m6q-014d81112d82591482172ad955bc7186\">\n#top .hr.hr-invisible.av-l14i9m6q-014d81112d82591482172ad955bc7186{\nheight:30px;\n}\n<\/style>\n<div  class='hr av-l14i9m6q-014d81112d82591482172ad955bc7186 hr-invisible  avia-builder-el-15  el_before_av_textblock  avia-builder-el-first '><span class='hr-inner '><span class=\"hr-inner-style\"><\/span><\/span><\/div><br \/>\n<section  class='av_textblock_section av-l145llsp-abe0109b3b4b9d6c6ba3cb1f6fb5bd15'  itemscope=\"itemscope\" itemtype=\"https:\/\/schema.org\/CreativeWork\" ><div class='avia_textblock'  itemprop=\"text\" ><p><a href=\"https:\/\/www.youtube-nocookie.com\/embed\/KT35zFLBA54?\"><img loading=\"lazy\" class=\"aligncenter wp-image-4246 size-full\" src=\"https:\/\/martinlabsemg.com\/wp-content\/uploads\/2022\/03\/TMX-Video-Image.jpg\" alt=\"\" width=\"720\" height=\"450\" srcset=\"https:\/\/martinlabsemg.com\/wp-content\/uploads\/2022\/03\/TMX-Video-Image.jpg 720w, https:\/\/martinlabsemg.com\/wp-content\/uploads\/2022\/03\/TMX-Video-Image-300x188.jpg 300w, https:\/\/martinlabsemg.com\/wp-content\/uploads\/2022\/03\/TMX-Video-Image-705x441.jpg 705w\" sizes=\"(max-width: 720px) 100vw, 720px\" \/><\/a><\/p>\n<p style=\"text-align: center;\"><em>Sehen Sie sich das TSX-Video an<\/em><\/p>\n<\/div><\/section><\/p><\/div>\n<style type=\"text\/css\" data-created_by=\"avia_inline_auto\" id=\"style-css-av-2raqy7-9fe8fdad8507a7e9aeb92b7e672f7878\">\n.flex_column.av-2raqy7-9fe8fdad8507a7e9aeb92b7e672f7878{\nborder-radius:0px 0px 0px 0px;\n-webkit-border-radius:0px 0px 0px 0px;\n-moz-border-radius:0px 0px 0px 0px;\n}\n<\/style>\n<div class='flex_column av-2raqy7-9fe8fdad8507a7e9aeb92b7e672f7878 av_one_half  avia-builder-el-17  el_after_av_one_half  avia-builder-el-last  flex_column_div av-zero-column-padding column-top-margin'   ><p>\n<style type=\"text\/css\" data-created_by=\"avia_inline_auto\" id=\"style-css-av-kszom7ic-59627094bcfaf8bbbd7ae68bf83e7c1b\">\n#top .av-special-heading.av-kszom7ic-59627094bcfaf8bbbd7ae68bf83e7c1b{\npadding-bottom:10px;\n}\nbody .av-special-heading.av-kszom7ic-59627094bcfaf8bbbd7ae68bf83e7c1b .av-special-heading-tag .heading-char{\nfont-size:25px;\n}\n.av-special-heading.av-kszom7ic-59627094bcfaf8bbbd7ae68bf83e7c1b .av-subheading{\nfont-size:15px;\n}\n<\/style>\n<div  class='av-special-heading av-kszom7ic-59627094bcfaf8bbbd7ae68bf83e7c1b av-special-heading-h2 blockquote modern-quote  avia-builder-el-18  el_before_av_textblock  avia-builder-el-first '><h2 class='av-special-heading-tag'  itemprop=\"headline\"  >Aktienkurs \u2013 \u00d6ffentliche Auflistung<\/h2><div class=\"special-heading-border\"><div class=\"special-heading-inner-border\"><\/div><\/div><\/div><br \/>\n<section  class='av_textblock_section av-kszndqma-c4fbaea5683b450beac506da66511770'  itemscope=\"itemscope\" itemtype=\"https:\/\/schema.org\/CreativeWork\" ><div class='avia_textblock'  itemprop=\"text\" ><p>Unser kurzfristiges Ziel ist die Notierung von \u2018Martin Laboratories EMG\u2019 an der \u2018TSX Venture Exchange\u2019, die die Heimat von mehr als 1.600 Unternehmen ist, von denen fast 400 im \u2019S&#038;P\/TSX Venture Composite Index\u2019 enthalten sind. Die im zusammengesetzten Index aufgef\u00fchrten Unternehmen sind haupts\u00e4chlich Bergbauunternehmen (53 %) und traditionelle Energieunternehmen (15 %). Das Ziel der &#8218;TSX Venture Exchange&#8216;, die der TMX Gruppe geh\u00f6rt und von ihr betrieben wird, ist es, Venture-Unternehmen effektiven Zugang zu Kapital zu verschaffen und gleichzeitig die Anleger zu sch\u00fctzen. Um mehr \u00fcber diese B\u00f6rse zu erfahren, besuchen Sie die Website der <span style=\"text-decoration: underline;\"><a href=\"https:\/\/www.tsx.com\">\u2018TSX Venture Exchange<\/a><\/span>\u2019.<\/p>\n<p>\u2018Martin Labs EMG\u2019 wird auch auf dem au\u00dferb\u00f6rslichen OTCQB-Marktplatz doppelt gelistet werden. Dieser wird von der \u2018OTC Markets Group\u2019 betrieben, einem von der OTC entwickelten und bei der \u2018Securities and Exchange Commission (SEC)\u2019 registrierten Inter-Dealer-Notierungs- und Handelssystem, welches ein Broker-Dealer und ein alternatives Handelssystem (ATS) ist. Anleger, die OTC-Wertpapiere handeln, sind durch die SEC\/FINRA-Regeln und -Offenlegungen gesch\u00fctzt. Besuchen Sie ihre Website, um mehr \u00fcber die <span style=\"text-decoration: underline;\"><a href=\"https:\/\/www.otcmarkets.com\">OTCQB-B\u00f6rse<\/a><\/span> zu erfahren.<\/p>\n<\/div><\/section><\/p><\/div><\/p>\n","protected":false},"excerpt":{"rendered":"","protected":false},"author":1,"featured_media":3976,"parent":0,"menu_order":0,"comment_status":"closed","ping_status":"closed","template":"","meta":[],"yoast_head":"<!-- This site is optimized with the Yoast SEO plugin v19.11 - https:\/\/yoast.com\/wordpress\/plugins\/seo\/ -->\n<title>Investoren - Martin Laboratories EMG<\/title>\n<meta name=\"robots\" content=\"index, follow, max-snippet:-1, max-image-preview:large, max-video-preview:-1\" \/>\n<link rel=\"canonical\" href=\"https:\/\/martinlabsemg.com\/de\/investoren\/\" \/>\n<meta property=\"og:locale\" content=\"de_DE\" \/>\n<meta property=\"og:type\" content=\"article\" \/>\n<meta property=\"og:title\" content=\"Investoren - Martin Laboratories EMG\" \/>\n<meta property=\"og:url\" content=\"https:\/\/martinlabsemg.com\/de\/investoren\/\" \/>\n<meta property=\"og:site_name\" content=\"Martin Laboratories EMG\" \/>\n<meta property=\"article:modified_time\" content=\"2022-06-05T23:30:21+00:00\" \/>\n<meta property=\"og:image\" content=\"https:\/\/martinlabsemg.com\/wp-content\/uploads\/2021\/09\/investor-header.jpg\" \/>\n\t<meta property=\"og:image:width\" content=\"1920\" \/>\n\t<meta property=\"og:image:height\" content=\"1280\" \/>\n\t<meta property=\"og:image:type\" content=\"image\/jpeg\" \/>\n<meta name=\"twitter:card\" content=\"summary_large_image\" \/>\n<meta name=\"twitter:label1\" content=\"Gesch\u00e4tzte Lesezeit\" \/>\n\t<meta name=\"twitter:data1\" content=\"6 Minuten\" \/>\n<script type=\"application\/ld+json\" class=\"yoast-schema-graph\">{\"@context\":\"https:\/\/schema.org\",\"@graph\":[{\"@type\":\"WebPage\",\"@id\":\"https:\/\/martinlabsemg.com\/de\/investoren\/\",\"url\":\"https:\/\/martinlabsemg.com\/de\/investoren\/\",\"name\":\"Investoren - Martin Laboratories EMG\",\"isPartOf\":{\"@id\":\"https:\/\/martinlabsemg.com\/de\/#website\"},\"datePublished\":\"2022-06-02T23:14:54+00:00\",\"dateModified\":\"2022-06-05T23:30:21+00:00\",\"breadcrumb\":{\"@id\":\"https:\/\/martinlabsemg.com\/de\/investoren\/#breadcrumb\"},\"inLanguage\":\"de-DE\",\"potentialAction\":[{\"@type\":\"ReadAction\",\"target\":[\"https:\/\/martinlabsemg.com\/de\/investoren\/\"]}]},{\"@type\":\"BreadcrumbList\",\"@id\":\"https:\/\/martinlabsemg.com\/de\/investoren\/#breadcrumb\",\"itemListElement\":[{\"@type\":\"ListItem\",\"position\":1,\"name\":\"Home\",\"item\":\"https:\/\/martinlabsemg.com\/de\/\"},{\"@type\":\"ListItem\",\"position\":2,\"name\":\"Investoren\"}]},{\"@type\":\"WebSite\",\"@id\":\"https:\/\/martinlabsemg.com\/de\/#website\",\"url\":\"https:\/\/martinlabsemg.com\/de\/\",\"name\":\"Martin Energy Metals Group\",\"description\":\"Sourcing EV Metals Worldwide\",\"potentialAction\":[{\"@type\":\"SearchAction\",\"target\":{\"@type\":\"EntryPoint\",\"urlTemplate\":\"https:\/\/martinlabsemg.com\/de\/?s={search_term_string}\"},\"query-input\":\"required name=search_term_string\"}],\"inLanguage\":\"de-DE\"}]}<\/script>\n<!-- \/ Yoast SEO plugin. -->","yoast_head_json":{"title":"Investoren - Martin Laboratories EMG","robots":{"index":"index","follow":"follow","max-snippet":"max-snippet:-1","max-image-preview":"max-image-preview:large","max-video-preview":"max-video-preview:-1"},"canonical":"https:\/\/martinlabsemg.com\/de\/investoren\/","og_locale":"de_DE","og_type":"article","og_title":"Investoren - Martin Laboratories EMG","og_url":"https:\/\/martinlabsemg.com\/de\/investoren\/","og_site_name":"Martin Laboratories EMG","article_modified_time":"2022-06-05T23:30:21+00:00","og_image":[{"width":1920,"height":1280,"url":"https:\/\/martinlabsemg.com\/wp-content\/uploads\/2021\/09\/investor-header.jpg","type":"image\/jpeg"}],"twitter_card":"summary_large_image","twitter_misc":{"Gesch\u00e4tzte Lesezeit":"6 Minuten"},"schema":{"@context":"https:\/\/schema.org","@graph":[{"@type":"WebPage","@id":"https:\/\/martinlabsemg.com\/de\/investoren\/","url":"https:\/\/martinlabsemg.com\/de\/investoren\/","name":"Investoren - Martin Laboratories EMG","isPartOf":{"@id":"https:\/\/martinlabsemg.com\/de\/#website"},"datePublished":"2022-06-02T23:14:54+00:00","dateModified":"2022-06-05T23:30:21+00:00","breadcrumb":{"@id":"https:\/\/martinlabsemg.com\/de\/investoren\/#breadcrumb"},"inLanguage":"de-DE","potentialAction":[{"@type":"ReadAction","target":["https:\/\/martinlabsemg.com\/de\/investoren\/"]}]},{"@type":"BreadcrumbList","@id":"https:\/\/martinlabsemg.com\/de\/investoren\/#breadcrumb","itemListElement":[{"@type":"ListItem","position":1,"name":"Home","item":"https:\/\/martinlabsemg.com\/de\/"},{"@type":"ListItem","position":2,"name":"Investoren"}]},{"@type":"WebSite","@id":"https:\/\/martinlabsemg.com\/de\/#website","url":"https:\/\/martinlabsemg.com\/de\/","name":"Martin Energy Metals Group","description":"Sourcing EV Metals Worldwide","potentialAction":[{"@type":"SearchAction","target":{"@type":"EntryPoint","urlTemplate":"https:\/\/martinlabsemg.com\/de\/?s={search_term_string}"},"query-input":"required name=search_term_string"}],"inLanguage":"de-DE"}]}},"_links":{"self":[{"href":"https:\/\/martinlabsemg.com\/de\/wp-json\/wp\/v2\/pages\/4547"}],"collection":[{"href":"https:\/\/martinlabsemg.com\/de\/wp-json\/wp\/v2\/pages"}],"about":[{"href":"https:\/\/martinlabsemg.com\/de\/wp-json\/wp\/v2\/types\/page"}],"author":[{"embeddable":true,"href":"https:\/\/martinlabsemg.com\/de\/wp-json\/wp\/v2\/users\/1"}],"replies":[{"embeddable":true,"href":"https:\/\/martinlabsemg.com\/de\/wp-json\/wp\/v2\/comments?post=4547"}],"version-history":[{"count":5,"href":"https:\/\/martinlabsemg.com\/de\/wp-json\/wp\/v2\/pages\/4547\/revisions"}],"predecessor-version":[{"id":4573,"href":"https:\/\/martinlabsemg.com\/de\/wp-json\/wp\/v2\/pages\/4547\/revisions\/4573"}],"wp:featuredmedia":[{"embeddable":true,"href":"https:\/\/martinlabsemg.com\/de\/wp-json\/wp\/v2\/media\/3976"}],"wp:attachment":[{"href":"https:\/\/martinlabsemg.com\/de\/wp-json\/wp\/v2\/media?parent=4547"}],"curies":[{"name":"wp","href":"https:\/\/api.w.org\/{rel}","templated":true}]}}